{"id":2656,"date":"2022-11-10T10:53:10","date_gmt":"2022-11-10T09:53:10","guid":{"rendered":"https:\/\/the-shuttle.at\/allgemeine-geschaeftsbedingungen-shuttle-service\/"},"modified":"2023-02-06T15:26:07","modified_gmt":"2023-02-06T14:26:07","slug":"general-terms-and-conditions-shuttle-service","status":"publish","type":"page","link":"https:\/\/the-shuttle.at\/en\/general-terms-and-conditions-shuttle-service\/","title":{"rendered":"General terms and conditions Shuttle service"},"content":{"rendered":"<p>[et_pb_section fb_built=&#8221;1&#8243; _builder_version=&#8221;4.17.4&#8243; _module_preset=&#8221;default&#8221; global_colors_info=&#8221;{}&#8221;][et_pb_row _builder_version=&#8221;4.17.4&#8243; _module_preset=&#8221;default&#8221; global_colors_info=&#8221;{}&#8221;][et_pb_column type=&#8221;4_4&#8243; _builder_version=&#8221;4.17.4&#8243; _module_preset=&#8221;default&#8221; global_colors_info=&#8221;{}&#8221;][et_pb_text _builder_version=&#8221;4.17.4&#8243; _module_preset=&#8221;default&#8221; global_colors_info=&#8221;{}&#8221;]<\/p>\n<p><strong>Fahrzeuge<\/strong> Unsere Fahrzeuge sind mit Klimaanlage, Navigation und Telefon ausgestattet. Sie bieten Platz f\u00fcr bis zu 8 Personen und verf\u00fcgen gro\u00dfteils \u00fcber Allradantrieb.<\/p>\n<p><strong>Service<\/strong> Senden Sie uns eine e-Mail oder rufen Sie uns an. F\u00fcr Fragen, Informationen oder Problemen stehen wir Ihnen gerne telefonisch unter<br \/>+43 (0) 463 890 123 zur Verf\u00fcgung. Bei nicht erreichen hinterlassen Sie uns bitte eine Nachricht, wir rufen Sie umgehen zur\u00fcck.<\/p>\n<p><strong>Stornierung<\/strong> Bei einer Stornierung ab 24 Stunden vor Beginn des Auftrages, wird eine Stornogeb\u00fchr in H\u00f6he von 100 % des gesamt vereinbarten Betrages verrechnet.<br \/>Sollte ein gebuchter Auftrag nicht zu Stande kommen ( z.B. Doppelbuchung, Krankheit, Absage einer Veranstaltung, usw. ) und unser Unternehmen diesbez\u00fcglich nicht bzw. nicht rechtzeitig schriftlich informiert werden, verrechnen wir eine Stornogeb\u00fchr in H\u00f6he des gesamt vereinbarten Betrages bei Transfers und 30 % bei jeglicher anderen Art von Auftrag.<\/p>\n<p><strong>Zahlung<\/strong> Unser Unternehmen beh\u00e4lt sich das Recht vor, bei Auftragserteilung eine Anzahlung in H\u00f6he von bis zu 30 % des vereinbarten Gesamtbetrages \/ Kostenvoranschlages zu verlangen.<\/p>\n<p>[\/et_pb_text][\/et_pb_column][\/et_pb_row][\/et_pb_section]<\/p>\n","protected":false},"excerpt":{"rendered":"<p>Fahrzeuge Unsere Fahrzeuge sind mit Klimaanlage, Navigation und Telefon ausgestattet. Sie bieten Platz f\u00fcr bis zu 8 Personen und verf\u00fcgen gro\u00dfteils \u00fcber Allradantrieb. Service Senden Sie uns eine e-Mail oder rufen Sie uns an. F\u00fcr Fragen, Informationen oder Problemen stehen wir Ihnen gerne telefonisch unter+43 (0) 463 890 123 zur Verf\u00fcgung. Bei nicht erreichen hinterlassen [&hellip;]<\/p>\n","protected":false},"author":1,"featured_media":0,"parent":0,"menu_order":0,"comment_status":"closed","ping_status":"closed","template":"","meta":{"_et_pb_use_builder":"on","_et_pb_old_content":"","_et_gb_content_width":"","footnotes":""},"class_list":["post-2656","page","type-page","status-publish","hentry"],"yoast_head":"<!-- This site is optimized with the Yoast SEO plugin v23.5 - https:\/\/yoast.com\/wordpress\/plugins\/seo\/ -->\n<title>General terms and conditions Shuttle service - The Shuttle<\/title>\n<meta name=\"robots\" content=\"index, follow, max-snippet:-1, max-image-preview:large, max-video-preview:-1\" \/>\n<link rel=\"canonical\" href=\"https:\/\/the-shuttle.at\/en\/general-terms-and-conditions-shuttle-service\/\" \/>\n<meta property=\"og:locale\" content=\"en_US\" \/>\n<meta property=\"og:type\" content=\"article\" \/>\n<meta property=\"og:title\" content=\"General terms and conditions Shuttle service - The Shuttle\" \/>\n<meta property=\"og:description\" content=\"Fahrzeuge Unsere Fahrzeuge sind mit Klimaanlage, Navigation und Telefon ausgestattet. Sie bieten Platz f\u00fcr bis zu 8 Personen und verf\u00fcgen gro\u00dfteils \u00fcber Allradantrieb. Service Senden Sie uns eine e-Mail oder rufen Sie uns an. F\u00fcr Fragen, Informationen oder Problemen stehen wir Ihnen gerne telefonisch unter+43 (0) 463 890 123 zur Verf\u00fcgung. Bei nicht erreichen hinterlassen [&hellip;]\" \/>\n<meta property=\"og:url\" content=\"https:\/\/the-shuttle.at\/en\/general-terms-and-conditions-shuttle-service\/\" \/>\n<meta property=\"og:site_name\" content=\"The Shuttle\" \/>\n<meta property=\"article:modified_time\" content=\"2023-02-06T14:26:07+00:00\" \/>\n<meta name=\"twitter:card\" content=\"summary_large_image\" \/>\n<meta name=\"twitter:label1\" content=\"Est. reading time\" \/>\n\t<meta name=\"twitter:data1\" content=\"1 minute\" \/>\n<script type=\"application\/ld+json\" class=\"yoast-schema-graph\">{\"@context\":\"https:\/\/schema.org\",\"@graph\":[{\"@type\":\"WebPage\",\"@id\":\"https:\/\/the-shuttle.at\/en\/general-terms-and-conditions-shuttle-service\/\",\"url\":\"https:\/\/the-shuttle.at\/en\/general-terms-and-conditions-shuttle-service\/\",\"name\":\"General terms and conditions Shuttle service - The Shuttle\",\"isPartOf\":{\"@id\":\"https:\/\/the-shuttle.at\/en\/#website\"},\"datePublished\":\"2022-11-10T09:53:10+00:00\",\"dateModified\":\"2023-02-06T14:26:07+00:00\",\"breadcrumb\":{\"@id\":\"https:\/\/the-shuttle.at\/en\/general-terms-and-conditions-shuttle-service\/#breadcrumb\"},\"inLanguage\":\"en-US\",\"potentialAction\":[{\"@type\":\"ReadAction\",\"target\":[\"https:\/\/the-shuttle.at\/en\/general-terms-and-conditions-shuttle-service\/\"]}]},{\"@type\":\"BreadcrumbList\",\"@id\":\"https:\/\/the-shuttle.at\/en\/general-terms-and-conditions-shuttle-service\/#breadcrumb\",\"itemListElement\":[{\"@type\":\"ListItem\",\"position\":1,\"name\":\"Startseite\",\"item\":\"https:\/\/the-shuttle.at\/en\/homepage\/\"},{\"@type\":\"ListItem\",\"position\":2,\"name\":\"General terms and conditions Shuttle service\"}]},{\"@type\":\"WebSite\",\"@id\":\"https:\/\/the-shuttle.at\/en\/#website\",\"url\":\"https:\/\/the-shuttle.at\/en\/\",\"name\":\"The Shuttle\",\"description\":\"Premium Shuttle Service und Autovermietung\",\"potentialAction\":[{\"@type\":\"SearchAction\",\"target\":{\"@type\":\"EntryPoint\",\"urlTemplate\":\"https:\/\/the-shuttle.at\/en\/?s={search_term_string}\"},\"query-input\":{\"@type\":\"PropertyValueSpecification\",\"valueRequired\":true,\"valueName\":\"search_term_string\"}}],\"inLanguage\":\"en-US\"}]}<\/script>\n<!-- \/ Yoast SEO plugin. -->","yoast_head_json":{"title":"General terms and conditions Shuttle service - The Shuttle","robots":{"index":"index","follow":"follow","max-snippet":"max-snippet:-1","max-image-preview":"max-image-preview:large","max-video-preview":"max-video-preview:-1"},"canonical":"https:\/\/the-shuttle.at\/en\/general-terms-and-conditions-shuttle-service\/","og_locale":"en_US","og_type":"article","og_title":"General terms and conditions Shuttle service - The Shuttle","og_description":"Fahrzeuge Unsere Fahrzeuge sind mit Klimaanlage, Navigation und Telefon ausgestattet. Sie bieten Platz f\u00fcr bis zu 8 Personen und verf\u00fcgen gro\u00dfteils \u00fcber Allradantrieb. Service Senden Sie uns eine e-Mail oder rufen Sie uns an. F\u00fcr Fragen, Informationen oder Problemen stehen wir Ihnen gerne telefonisch unter+43 (0) 463 890 123 zur Verf\u00fcgung. Bei nicht erreichen hinterlassen [&hellip;]","og_url":"https:\/\/the-shuttle.at\/en\/general-terms-and-conditions-shuttle-service\/","og_site_name":"The Shuttle","article_modified_time":"2023-02-06T14:26:07+00:00","twitter_card":"summary_large_image","twitter_misc":{"Est. reading time":"1 minute"},"schema":{"@context":"https:\/\/schema.org","@graph":[{"@type":"WebPage","@id":"https:\/\/the-shuttle.at\/en\/general-terms-and-conditions-shuttle-service\/","url":"https:\/\/the-shuttle.at\/en\/general-terms-and-conditions-shuttle-service\/","name":"General terms and conditions Shuttle service - The Shuttle","isPartOf":{"@id":"https:\/\/the-shuttle.at\/en\/#website"},"datePublished":"2022-11-10T09:53:10+00:00","dateModified":"2023-02-06T14:26:07+00:00","breadcrumb":{"@id":"https:\/\/the-shuttle.at\/en\/general-terms-and-conditions-shuttle-service\/#breadcrumb"},"inLanguage":"en-US","potentialAction":[{"@type":"ReadAction","target":["https:\/\/the-shuttle.at\/en\/general-terms-and-conditions-shuttle-service\/"]}]},{"@type":"BreadcrumbList","@id":"https:\/\/the-shuttle.at\/en\/general-terms-and-conditions-shuttle-service\/#breadcrumb","itemListElement":[{"@type":"ListItem","position":1,"name":"Startseite","item":"https:\/\/the-shuttle.at\/en\/homepage\/"},{"@type":"ListItem","position":2,"name":"General terms and conditions Shuttle service"}]},{"@type":"WebSite","@id":"https:\/\/the-shuttle.at\/en\/#website","url":"https:\/\/the-shuttle.at\/en\/","name":"The Shuttle","description":"Premium Shuttle Service und Autovermietung","potentialAction":[{"@type":"SearchAction","target":{"@type":"EntryPoint","urlTemplate":"https:\/\/the-shuttle.at\/en\/?s={search_term_string}"},"query-input":{"@type":"PropertyValueSpecification","valueRequired":true,"valueName":"search_term_string"}}],"inLanguage":"en-US"}]}},"_links":{"self":[{"href":"https:\/\/the-shuttle.at\/en\/wp-json\/wp\/v2\/pages\/2656"}],"collection":[{"href":"https:\/\/the-shuttle.at\/en\/wp-json\/wp\/v2\/pages"}],"about":[{"href":"https:\/\/the-shuttle.at\/en\/wp-json\/wp\/v2\/types\/page"}],"author":[{"embeddable":true,"href":"https:\/\/the-shuttle.at\/en\/wp-json\/wp\/v2\/users\/1"}],"replies":[{"embeddable":true,"href":"https:\/\/the-shuttle.at\/en\/wp-json\/wp\/v2\/comments?post=2656"}],"version-history":[{"count":6,"href":"https:\/\/the-shuttle.at\/en\/wp-json\/wp\/v2\/pages\/2656\/revisions"}],"predecessor-version":[{"id":2740,"href":"https:\/\/the-shuttle.at\/en\/wp-json\/wp\/v2\/pages\/2656\/revisions\/2740"}],"wp:attachment":[{"href":"https:\/\/the-shuttle.at\/en\/wp-json\/wp\/v2\/media?parent=2656"}],"curies":[{"name":"wp","href":"https:\/\/api.w.org\/{rel}","templated":true}]}}