{"id":2651,"date":"2022-11-28T13:36:22","date_gmt":"2022-11-28T12:36:22","guid":{"rendered":"https:\/\/the-shuttle.at\/allgemeine-informationen\/"},"modified":"2023-02-02T20:12:38","modified_gmt":"2023-02-02T19:12:38","slug":"general-information","status":"publish","type":"page","link":"https:\/\/the-shuttle.at\/en\/general-information\/","title":{"rendered":"General Information"},"content":{"rendered":"<p>[et_pb_section fb_built=&#8221;1&#8243; admin_label=&#8221;section&#8221; _builder_version=&#8221;4.16&#8243; global_colors_info=&#8221;{}&#8221;][et_pb_row admin_label=&#8221;row&#8221; _builder_version=&#8221;4.16&#8243; background_size=&#8221;initial&#8221; background_position=&#8221;top_left&#8221; background_repeat=&#8221;repeat&#8221; global_colors_info=&#8221;{}&#8221;][et_pb_column type=&#8221;4_4&#8243; _builder_version=&#8221;4.16&#8243; custom_padding=&#8221;|||&#8221; global_colors_info=&#8221;{}&#8221; custom_padding__hover=&#8221;|||&#8221;][et_pb_text admin_label=&#8221;Text&#8221; _builder_version=&#8221;4.16&#8243; background_size=&#8221;initial&#8221; background_position=&#8221;top_left&#8221; background_repeat=&#8221;repeat&#8221; global_colors_info=&#8221;{}&#8221;]<\/p>\n<div class=\"et_pb_module et_pb_text et_pb_text_1 et_pb_text_align_left et_pb_bg_layout_light\">\n<div class=\"et_pb_text_inner\">\n<div class=\"et_pb_module et_pb_text et_pb_text_1 et_pb_text_align_left et_pb_bg_layout_light\">\n<div class=\"et_pb_text_inner\">\n<h2>Mieten zum Taxipreis!<\/h2>\n<p><strong>Livers GmbH:<\/strong> Unser Unternehmen geh\u00f6rt seit Jahren zu den gr\u00f6\u00dften und f\u00fchrenden Autovermietern in K\u00e4rnten. In unserem Fuhrpark finden Sie jede Kategorie von Fahrzeugen, wobei es uns nicht m\u00f6glich ist jederzeit alle Fahrzeuggruppen via Internet anzubieten. Die von unserem Unternehmen eingesetzen Mietwagen stammen zum Gro\u00dfteil von namhaften Fahrzeugherstellern wie VW, Audi und Skoda oder BMW .<\/p>\n<p>Durch Ihre Fahrzeugbuchung beauftragen Sie Livers GmbH Ihnen einen Mietwagen zum ausgewiesenen Mietwagenpreis zu vermitteln. Sie erhalten innerhalb von 72 Stunden (3 Werkstagen) eine Reservierungsbest\u00e4tigung auf Ihre angegebene E-mail Adresse. Livers GmbH \u00fcbernimmt keine Haftung f\u00fcr eine eventuelle Versp\u00e4tung, die Reservierungs-best\u00e4tigung ist bei der Fahrzeuganmietung vorzulegen. Ihre Fahrzeugbuchung kann ohne Angabe von Gr\u00fcnden abgelehnt werden.<\/p>\n<p><strong>Preisangaben:<\/strong> Alle Preise sind in Euro (\u20ac) inklusiver gesetzlicher Mehrwertsteuer. \u00c4nderungen der nicht im Tarif inkludierten Zusatzkosten k\u00f6nnen von der Vermietfirma vor Ort ohne Ank\u00fcndigung vorgenommem werden. Fehler vorbehalten.<\/p>\n<p><strong>Ihre E-Mail:<\/strong> Bitte \u00fcberpr\u00fcfen Sie bei Ihrer Fahrzeugbuchung, Ihre E-Mail adresse. sie erhalten auf Ihre angegebene E-Mail Adresse Ihre Reservierungs-best\u00e4tigung. Bitte geben Sie, wenn m\u00f6glich, zus\u00e4tzlich auch eine Fax-Nummer an. Sollten Sie keine Reservierungsbest\u00e4tigung erhalten, \u00fcberpr\u00fcfen Sie bitte Ihren SPAM-Ordner oder kontaktieren Sie bitte unser Servicecenter. Bitte geben Sie beim Buchen immer Ihre Landes- und Stadtvorwahl Ihrer Telefonnummer an.<\/p>\n<p><strong>Kontakt:<\/strong> F\u00fcr spezielle Anfragen kontaktieren Sie bitte unser Servicecenter oder senden uns ein E-Mail.<\/p>\n<p><sub>Die Nutzung der im Rahmen des Impressums oder vergleichbarer Angaben ver\u00f6ffentlichten Kontaktdaten wie Postanschriften, Telefon- und Faxnummern sowie Emailadressen durch Dritte zur \u00fcbersendung von nicht ausdr\u00fccklich angeforderten Informationen ist nicht gestattet. Rechtliche Schritte gegen die Versender von sogenannten Spam-Mails, Werbe-Faxen und sonstigen unaufgeforderten Werbeanfragen bei Verst\u00f6\u00dfen gegen dieses Verbot sind ausdr\u00fccklich vorbehalten.<\/sub><\/p>\n<\/div>\n<\/div>\n<\/div>\n<\/div>\n<p>[\/et_pb_text][\/et_pb_column][\/et_pb_row][\/et_pb_section]<\/p>\n","protected":false},"excerpt":{"rendered":"<p>Mieten zum Taxipreis! Livers GmbH: Unser Unternehmen geh\u00f6rt seit Jahren zu den gr\u00f6\u00dften und f\u00fchrenden Autovermietern in K\u00e4rnten. In unserem Fuhrpark finden Sie jede Kategorie von Fahrzeugen, wobei es uns nicht m\u00f6glich ist jederzeit alle Fahrzeuggruppen via Internet anzubieten. Die von unserem Unternehmen eingesetzen Mietwagen stammen zum Gro\u00dfteil von namhaften Fahrzeugherstellern wie VW, Audi und [&hellip;]<\/p>\n","protected":false},"author":1,"featured_media":0,"parent":0,"menu_order":0,"comment_status":"closed","ping_status":"closed","template":"","meta":{"_et_pb_use_builder":"on","_et_pb_old_content":"<div class=\"et_pb_module et_pb_text et_pb_text_1 et_pb_text_align_left et_pb_bg_layout_light\">\r\n<div class=\"et_pb_text_inner\">\r\n<div class=\"et_pb_module et_pb_text et_pb_text_1 et_pb_text_align_left et_pb_bg_layout_light\">\r\n<div class=\"et_pb_text_inner\">\r\n<h2>Mieten zum Taxipreis!<\/h2>\r\n<strong>Livers GmbH:<\/strong> Unser Unternehmen geh\u00f6rt seit Jahren zu den gr\u00f6\u00dften und f\u00fchrenden Autovermietern in K\u00e4rnten. In unserem Fuhrpark finden Sie jede Kategorie von Fahrzeugen, wobei es uns nicht m\u00f6glich ist jederzeit alle Fahrzeuggruppen via Internet anzubieten. Die von unserem Unternehmen eingesetzen Mietwagen stammen zum Gro\u00dfteil von namhaften Fahrzeugherstellern wie VW, Audi und Skoda oder BMW .\r\n\r\nDurch Ihre Fahrzeugbuchung beauftragen Sie Livers GmbH Ihnen einen Mietwagen zum ausgewiesenen Mietwagenpreis zu vermitteln. Sie erhalten innerhalb von 72 Stunden (3 Werkstagen) eine Reservierungsbest\u00e4tigung auf Ihre angegebene E-mail Adresse. Livers GmbH \u00fcbernimmt keine Haftung f\u00fcr eine eventuelle Versp\u00e4tung, die Reservierungs-best\u00e4tigung ist bei der Fahrzeuganmietung vorzulegen. Ihre Fahrzeugbuchung kann ohne Angabe von Gr\u00fcnden abgelehnt werden.\r\n\r\n<strong>Preisangaben:<\/strong> Alle Preise sind in Euro (\u20ac) inklusiver gesetzlicher Mehrwertsteuer. \u00c4nderungen der nicht im Tarif inkludierten Zusatzkosten k\u00f6nnen von der Vermietfirma vor Ort ohne Ank\u00fcndigung vorgenommem werden. Fehler vorbehalten.\r\n\r\n<strong>Ihre E-Mail:<\/strong> Bitte \u00fcberpr\u00fcfen Sie bei Ihrer Fahrzeugbuchung, Ihre E-Mail adresse. sie erhalten auf Ihre angegebene E-Mail Adresse Ihre Reservierungs-best\u00e4tigung. Bitte geben Sie, wenn m\u00f6glich, zus\u00e4tzlich auch eine Fax-Nummer an. Sollten Sie keine Reservierungsbest\u00e4tigung erhalten, \u00fcberpr\u00fcfen Sie bitte Ihren SPAM-Ordner oder kontaktieren Sie bitte unser Servicecenter. Bitte geben Sie beim Buchen immer Ihre Landes- und Stadtvorwahl Ihrer Telefonnummer an.\r\n\r\n<strong>Kontakt:<\/strong> F\u00fcr spezielle Anfragen kontaktieren Sie bitte unser Servicecenter oder senden uns ein E-Mail.\r\n\r\n<sub>Die Nutzung der im Rahmen des Impressums oder vergleichbarer Angaben ver\u00f6ffentlichten Kontaktdaten wie Postanschriften, Telefon- und Faxnummern sowie Emailadressen durch Dritte zur \u00fcbersendung von nicht ausdr\u00fccklich angeforderten Informationen ist nicht gestattet. Rechtliche Schritte gegen die Versender von sogenannten Spam-Mails, Werbe-Faxen und sonstigen unaufgeforderten Werbeanfragen bei Verst\u00f6\u00dfen gegen dieses Verbot sind ausdr\u00fccklich vorbehalten.<\/sub>\r\n\r\n<\/div>\r\n<\/div>\r\n<\/div>\r\n<\/div>","_et_gb_content_width":"","footnotes":""},"class_list":["post-2651","page","type-page","status-publish","hentry"],"yoast_head":"<!-- This site is optimized with the Yoast SEO plugin v23.5 - https:\/\/yoast.com\/wordpress\/plugins\/seo\/ -->\n<title>General Information - The Shuttle<\/title>\n<meta name=\"robots\" content=\"index, follow, max-snippet:-1, max-image-preview:large, max-video-preview:-1\" \/>\n<link rel=\"canonical\" href=\"https:\/\/the-shuttle.at\/en\/general-information\/\" \/>\n<meta property=\"og:locale\" content=\"en_US\" \/>\n<meta property=\"og:type\" content=\"article\" \/>\n<meta property=\"og:title\" content=\"General Information - The Shuttle\" \/>\n<meta property=\"og:description\" content=\"Mieten zum Taxipreis! Livers GmbH: Unser Unternehmen geh\u00f6rt seit Jahren zu den gr\u00f6\u00dften und f\u00fchrenden Autovermietern in K\u00e4rnten. In unserem Fuhrpark finden Sie jede Kategorie von Fahrzeugen, wobei es uns nicht m\u00f6glich ist jederzeit alle Fahrzeuggruppen via Internet anzubieten. Die von unserem Unternehmen eingesetzen Mietwagen stammen zum Gro\u00dfteil von namhaften Fahrzeugherstellern wie VW, Audi und [&hellip;]\" \/>\n<meta property=\"og:url\" content=\"https:\/\/the-shuttle.at\/en\/general-information\/\" \/>\n<meta property=\"og:site_name\" content=\"The Shuttle\" \/>\n<meta property=\"article:modified_time\" content=\"2023-02-02T19:12:38+00:00\" \/>\n<meta name=\"twitter:card\" content=\"summary_large_image\" \/>\n<meta name=\"twitter:label1\" content=\"Est. reading time\" \/>\n\t<meta name=\"twitter:data1\" content=\"2 minutes\" \/>\n<script type=\"application\/ld+json\" class=\"yoast-schema-graph\">{\"@context\":\"https:\/\/schema.org\",\"@graph\":[{\"@type\":\"WebPage\",\"@id\":\"https:\/\/the-shuttle.at\/en\/general-information\/\",\"url\":\"https:\/\/the-shuttle.at\/en\/general-information\/\",\"name\":\"General Information - The Shuttle\",\"isPartOf\":{\"@id\":\"https:\/\/the-shuttle.at\/en\/#website\"},\"datePublished\":\"2022-11-28T12:36:22+00:00\",\"dateModified\":\"2023-02-02T19:12:38+00:00\",\"breadcrumb\":{\"@id\":\"https:\/\/the-shuttle.at\/en\/general-information\/#breadcrumb\"},\"inLanguage\":\"en-US\",\"potentialAction\":[{\"@type\":\"ReadAction\",\"target\":[\"https:\/\/the-shuttle.at\/en\/general-information\/\"]}]},{\"@type\":\"BreadcrumbList\",\"@id\":\"https:\/\/the-shuttle.at\/en\/general-information\/#breadcrumb\",\"itemListElement\":[{\"@type\":\"ListItem\",\"position\":1,\"name\":\"Startseite\",\"item\":\"https:\/\/the-shuttle.at\/en\/homepage\/\"},{\"@type\":\"ListItem\",\"position\":2,\"name\":\"General Information\"}]},{\"@type\":\"WebSite\",\"@id\":\"https:\/\/the-shuttle.at\/en\/#website\",\"url\":\"https:\/\/the-shuttle.at\/en\/\",\"name\":\"The Shuttle\",\"description\":\"Premium Shuttle Service und Autovermietung\",\"potentialAction\":[{\"@type\":\"SearchAction\",\"target\":{\"@type\":\"EntryPoint\",\"urlTemplate\":\"https:\/\/the-shuttle.at\/en\/?s={search_term_string}\"},\"query-input\":{\"@type\":\"PropertyValueSpecification\",\"valueRequired\":true,\"valueName\":\"search_term_string\"}}],\"inLanguage\":\"en-US\"}]}<\/script>\n<!-- \/ Yoast SEO plugin. -->","yoast_head_json":{"title":"General Information - The Shuttle","robots":{"index":"index","follow":"follow","max-snippet":"max-snippet:-1","max-image-preview":"max-image-preview:large","max-video-preview":"max-video-preview:-1"},"canonical":"https:\/\/the-shuttle.at\/en\/general-information\/","og_locale":"en_US","og_type":"article","og_title":"General Information - The Shuttle","og_description":"Mieten zum Taxipreis! Livers GmbH: Unser Unternehmen geh\u00f6rt seit Jahren zu den gr\u00f6\u00dften und f\u00fchrenden Autovermietern in K\u00e4rnten. In unserem Fuhrpark finden Sie jede Kategorie von Fahrzeugen, wobei es uns nicht m\u00f6glich ist jederzeit alle Fahrzeuggruppen via Internet anzubieten. Die von unserem Unternehmen eingesetzen Mietwagen stammen zum Gro\u00dfteil von namhaften Fahrzeugherstellern wie VW, Audi und [&hellip;]","og_url":"https:\/\/the-shuttle.at\/en\/general-information\/","og_site_name":"The Shuttle","article_modified_time":"2023-02-02T19:12:38+00:00","twitter_card":"summary_large_image","twitter_misc":{"Est. reading time":"2 minutes"},"schema":{"@context":"https:\/\/schema.org","@graph":[{"@type":"WebPage","@id":"https:\/\/the-shuttle.at\/en\/general-information\/","url":"https:\/\/the-shuttle.at\/en\/general-information\/","name":"General Information - The Shuttle","isPartOf":{"@id":"https:\/\/the-shuttle.at\/en\/#website"},"datePublished":"2022-11-28T12:36:22+00:00","dateModified":"2023-02-02T19:12:38+00:00","breadcrumb":{"@id":"https:\/\/the-shuttle.at\/en\/general-information\/#breadcrumb"},"inLanguage":"en-US","potentialAction":[{"@type":"ReadAction","target":["https:\/\/the-shuttle.at\/en\/general-information\/"]}]},{"@type":"BreadcrumbList","@id":"https:\/\/the-shuttle.at\/en\/general-information\/#breadcrumb","itemListElement":[{"@type":"ListItem","position":1,"name":"Startseite","item":"https:\/\/the-shuttle.at\/en\/homepage\/"},{"@type":"ListItem","position":2,"name":"General Information"}]},{"@type":"WebSite","@id":"https:\/\/the-shuttle.at\/en\/#website","url":"https:\/\/the-shuttle.at\/en\/","name":"The Shuttle","description":"Premium Shuttle Service und Autovermietung","potentialAction":[{"@type":"SearchAction","target":{"@type":"EntryPoint","urlTemplate":"https:\/\/the-shuttle.at\/en\/?s={search_term_string}"},"query-input":{"@type":"PropertyValueSpecification","valueRequired":true,"valueName":"search_term_string"}}],"inLanguage":"en-US"}]}},"_links":{"self":[{"href":"https:\/\/the-shuttle.at\/en\/wp-json\/wp\/v2\/pages\/2651"}],"collection":[{"href":"https:\/\/the-shuttle.at\/en\/wp-json\/wp\/v2\/pages"}],"about":[{"href":"https:\/\/the-shuttle.at\/en\/wp-json\/wp\/v2\/types\/page"}],"author":[{"embeddable":true,"href":"https:\/\/the-shuttle.at\/en\/wp-json\/wp\/v2\/users\/1"}],"replies":[{"embeddable":true,"href":"https:\/\/the-shuttle.at\/en\/wp-json\/wp\/v2\/comments?post=2651"}],"version-history":[{"count":2,"href":"https:\/\/the-shuttle.at\/en\/wp-json\/wp\/v2\/pages\/2651\/revisions"}],"predecessor-version":[{"id":2654,"href":"https:\/\/the-shuttle.at\/en\/wp-json\/wp\/v2\/pages\/2651\/revisions\/2654"}],"wp:attachment":[{"href":"https:\/\/the-shuttle.at\/en\/wp-json\/wp\/v2\/media?parent=2651"}],"curies":[{"name":"wp","href":"https:\/\/api.w.org\/{rel}","templated":true}]}}